{"id":15366,"date":"2015-05-21T09:49:12","date_gmt":"2015-05-21T09:49:12","guid":{"rendered":"http:\/\/demo.qodeinteractive.com\/bridge108\/?page_id=15366"},"modified":"2017-03-01T16:10:40","modified_gmt":"2017-03-01T15:10:40","slug":"about","status":"publish","type":"page","link":"https:\/\/studiozordan.eu\/en\/about\/","title":{"rendered":"ABOUT US"},"content":{"rendered":"<p>[vc_row row_type=&#8221;row&#8221; use_row_as_full_screen_section=&#8221;no&#8221; type=&#8221;grid&#8221; angled_section=&#8221;no&#8221; text_align=&#8221;left&#8221; background_image_as_pattern=&#8221;without_pattern&#8221; padding_top=&#8221;120&#8243; padding_bottom=&#8221;80&#8243; css_animation=&#8221;&#8221;][vc_column width=&#8221;1\/2&#8243;][vc_single_image image=&#8221;15722&#8243; img_size=&#8221;medium&#8221; alignment=&#8221;center&#8221; qode_css_animation=&#8221;&#8221;][vc_separator type=&#8221;transparent&#8221; up=&#8221;30&#8243; down=&#8221;0&#8243;][\/vc_column][vc_column width=&#8221;1\/2&#8243;][vc_column_text]<\/p>\n<h2>The Architect Andrea Zordan<\/h2>\n<p>[\/vc_column_text][vc_separator type=&#8221;transparent&#8221; up=&#8221;35&#8243; down=&#8221;0&#8243;][vc_column_text]Mi occupo principalmente di <strong>progettazione edilizia<\/strong> e di tutte le sue \u201csottocategorie\u201d: riqualificazione energetica, contabilizzazione e direzione lavori, sicurezza cantieri, catasto, gestione fiscale degli interventi edilizi.<br \/>\nDa qualche anno mi sono specializzato nella progettazione di <strong>edifici passivi<\/strong> (Passive House o Nearly Zero Energy Building, come definiti dalla direttiva europea 2010\/31\/UE).<br \/>\nLa mia passione per il diritto mi ha portato a maturare una spiccata attitudine alla conciliazione delle controversie famigliari, spesso conseguenti alle divisioni ereditarie: dalle <strong>Successioni<\/strong>, alle <strong>Stime<\/strong>, ai <strong>Progetti Divisionali<\/strong>.<br \/>\nUna decennale esperienza in campo amministrativo mi ha poi fornito una profonda conoscenza dei procedimenti burocratici che si \u00e8 tradotta in una marcata capacit\u00e0 di conseguire ottimi risultati anche nelle casistiche pi\u00f9 complesse.[\/vc_column_text][vc_separator type=&#8221;transparent&#8221; up=&#8221;35&#8243; down=&#8221;0&#8243;][\/vc_column][\/vc_row][vc_row row_type=&#8221;parallax&#8221; parallax_content_width=&#8221;in_grid&#8221; text_align=&#8221;left&#8221; background_image=&#8221;15724&#8243; full_screen_section_height=&#8221;no&#8221; section_height=&#8221;300&#8243;][vc_column][\/vc_column][\/vc_row][vc_row row_type=&#8221;row&#8221; use_row_as_full_screen_section=&#8221;no&#8221; type=&#8221;grid&#8221; angled_section=&#8221;no&#8221; text_align=&#8221;center&#8221; background_image_as_pattern=&#8221;without_pattern&#8221; background_color=&#8221;#f9f9f9&#8243; padding_top=&#8221;80&#8243; padding_bottom=&#8221;30&#8243; css_animation=&#8221;&#8221;][vc_column width=&#8221;1\/2&#8243;]<div class='q_icon_with_title tiny normal_icon center'><div class=\"icon_holder \" style=\" \"><span data-icon-type=\"normal\"  data-icon-hover-color=\"#222222\" style=\"font-size: 35px;\" class=\"qode_iwt_icon_holder q_font_awsome_icon fa-lg \"><span aria-hidden=\"true\" class=\"qode_icon_font_elegant icon_check qode_iwt_icon_element\" style=\"color: #d2d2d2;\" ><\/span><\/span><\/div><div class=\"icon_text_holder\" style=\"\"><div class=\"icon_text_inner\" style=\"\"><h5 class=\"icon_title\" style=\"\">BISOGNA TORNARE A COSTRUIRE IN MANIERA EFFICIENTE<\/h5><p style='color: #8d8d8d'>Nel passato pi\u00f9 remoto si operava coscienziosamente, con lo sguardo rivolto soprattutto alla funzionalit\u00e0 del costruito. Negli anni \u201860, \u201870 ed \u201880, il basso costo dell\u2019energia ci ha portati a costruire con spregiudicatezza, dissipando indiscriminatamente spazio, energia e risorse. A cavallo dei due secoli, la corsa al risparmio energetico ha favorito il sorgere delle tecnologie pi\u00f9 disperate con l\u2019applicazione di soluzioni estreme spesso inadeguate. Oggi \u00e8 nostro dovere fermare il cash low energetico (il 40% della spesa globale europea scaturisce dalla spesa energetica degli edifici). Per farlo dobbiamo ricominciare a costruire proficuamente, progettando e costruendo edifici energicamente efficienti senza per\u00f2 rinunciare al perfetto comfort abitativo.<\/p><\/div><\/div><\/div>[vc_separator type=&#8221;transparent&#8221; up=&#8221;30&#8243; down=&#8221;0&#8243;][\/vc_column][vc_column width=&#8221;1\/2&#8243;]<div class='q_icon_with_title tiny normal_icon center'><div class=\"icon_holder \" style=\" \"><span data-icon-type=\"normal\"  data-icon-hover-color=\"#222222\" style=\"font-size: 35px;\" class=\"qode_iwt_icon_holder q_font_awsome_icon fa-lg \"><span aria-hidden=\"true\" class=\"qode_icon_font_elegant icon_refresh qode_iwt_icon_element\" style=\"color: #d2d2d2;\" ><\/span><\/span><\/div><div class=\"icon_text_holder\" style=\"\"><div class=\"icon_text_inner\" style=\"\"><h5 class=\"icon_title\" style=\"\">RISTRUTTURARE E' RIDONARE VITA NON DISTRUGGERE<\/h5><p style='color: #8d8d8d'>Ristrutturare \u00e8 ridonare vita non distruggere. Oggi molti proprietari, o futuri tali, temono l\u2019avventurarsi in una ristrutturazione. Imprevisti, costi poco certi e risultati inaspettati sono i timori che accompagnano un intervento di recupero, al punto che frequentemente viene preferita una nuova costruzione o una demolizione. Invece una attenta analisi del costruito ed un conseguente piano di intervento mirato al \u201crecupero\u201d strutturale e tipologico, conferiscono al costruito un\u2019indubbia valenza. Un buon progetto di ristrutturazione, con risultati e costi certi, \u00e8 sicuramente l\u2019intervento pi\u00f9 vantaggioso: minori costi di costruzione, ridotti oneri di urbanizzazione e agevolazioni fiscali rilevanti. Il tutto in un\u2019impareggiabile traguardo di sostenibilit\u00e0.<\/p><\/div><\/div><\/div>[vc_separator type=&#8221;transparent&#8221; up=&#8221;30&#8243; down=&#8221;0&#8243;][\/vc_column][\/vc_row][vc_row row_type=&#8221;row&#8221; use_row_as_full_screen_section=&#8221;no&#8221; type=&#8221;grid&#8221; angled_section=&#8221;no&#8221; text_align=&#8221;left&#8221; background_image_as_pattern=&#8221;without_pattern&#8221; padding_top=&#8221;80&#8243; padding_bottom=&#8221;30&#8243; css_animation=&#8221;&#8221;][vc_column width=&#8221;1\/2&#8243;]<div class='q_icon_with_title tiny normal_icon center'><div class=\"icon_holder \" style=\" \"><span data-icon-type=\"normal\"  data-icon-hover-color=\"#222222\" style=\"font-size: 35px;\" class=\"qode_iwt_icon_holder q_font_awsome_icon fa-lg \"><span aria-hidden=\"true\" class=\"qode_icon_font_elegant icon_wallet qode_iwt_icon_element\" style=\"color: #d2d2d2;\" ><\/span><\/span><\/div><div class=\"icon_text_holder\" style=\"\"><div class=\"icon_text_inner\" style=\"\"><h5 class=\"icon_title\" style=\"\">IMPORTI CERTI<\/h5><p style='color: #8d8d8d'>L'economia non \u00e8 una scienza ma la certezza delle spese \u00e8 alla base di ogni investimento. Per questo noi eseguiamo computi metrici estimativi dettagliati ed ogni nostra prestazione \u00e8 anticipata da un preciso preventivo e contratto professionale. Perch\u00e9 le sorprese non siano \u201cbrutte sorprese\u201d. Non \u00e8 vero che un architetto \u201ccosta di pi\u00f9\u201d. L'architetto \u201criflette\u201d di pi\u00f9.<\/p><\/div><\/div><\/div>[vc_separator type=&#8221;transparent&#8221; up=&#8221;30&#8243; down=&#8221;0&#8243;][\/vc_column][vc_column width=&#8221;1\/2&#8243;][vc_single_image image=&#8221;15725&#8243; img_size=&#8221;large&#8221; qode_css_animation=&#8221;&#8221;][\/vc_column][\/vc_row]<\/p>","protected":false},"excerpt":{"rendered":"<p>[vc_row row_type=&#8221;row&#8221; use_row_as_full_screen_section=&#8221;no&#8221; type=&#8221;grid&#8221; angled_section=&#8221;no&#8221; text_align=&#8221;left&#8221; background_image_as_pattern=&#8221;without_pattern&#8221; padding_top=&#8221;120&#8243; padding_bottom=&#8221;80&#8243; css_animation=&#8221;&#8221;][vc_column width=&#8221;1\/2&#8243;][vc_single_image image=&#8221;15722&#8243; img_size=&#8221;medium&#8221; alignment=&#8221;center&#8221; qode_css_animation=&#8221;&#8221;][vc_separator type=&#8221;transparent&#8221; up=&#8221;30&#8243; down=&#8221;0&#8243;][\/vc_column][vc_column width=&#8221;1\/2&#8243;][vc_column_text] The Architect Andrea Zordan [\/vc_column_text][vc_separator type=&#8221;transparent&#8221; up=&#8221;35&#8243; down=&#8221;0&#8243;][vc_column_text]Mi occupo principalmente di progettazione edilizia e di tutte le sue \u201csottocategorie\u201d: riqualificazione energetica, contabilizzazione e direzione lavori, sicurezza&#8230;<\/p>\n","protected":false},"author":1,"featured_media":0,"parent":0,"menu_order":0,"comment_status":"open","ping_status":"open","template":"full_width.php","meta":[],"_links":{"self":[{"href":"https:\/\/studiozordan.eu\/en\/wp-json\/wp\/v2\/pages\/15366"}],"collection":[{"href":"https:\/\/studiozordan.eu\/en\/wp-json\/wp\/v2\/pages"}],"about":[{"href":"https:\/\/studiozordan.eu\/en\/wp-json\/wp\/v2\/types\/page"}],"author":[{"embeddable":true,"href":"https:\/\/studiozordan.eu\/en\/wp-json\/wp\/v2\/users\/1"}],"replies":[{"embeddable":true,"href":"https:\/\/studiozordan.eu\/en\/wp-json\/wp\/v2\/comments?post=15366"}],"version-history":[{"count":19,"href":"https:\/\/studiozordan.eu\/en\/wp-json\/wp\/v2\/pages\/15366\/revisions"}],"predecessor-version":[{"id":16080,"href":"https:\/\/studiozordan.eu\/en\/wp-json\/wp\/v2\/pages\/15366\/revisions\/16080"}],"wp:attachment":[{"href":"https:\/\/studiozordan.eu\/en\/wp-json\/wp\/v2\/media?parent=15366"}],"curies":[{"name":"wp","href":"https:\/\/api.w.org\/{rel}","templated":true}]}}