{"id":15522,"date":"2016-06-14T09:35:02","date_gmt":"2016-06-14T07:35:02","guid":{"rendered":"http:\/\/studiozordan.eu\/?page_id=15522"},"modified":"2017-03-01T16:14:39","modified_gmt":"2017-03-01T15:14:39","slug":"progetti","status":"publish","type":"page","link":"https:\/\/studiozordan.eu\/en\/progetti\/","title":{"rendered":"Projects"},"content":{"rendered":"<p>[vc_row row_type=&#8221;row&#8221; use_row_as_full_screen_section=&#8221;no&#8221; type=&#8221;full_width&#8221; angled_section=&#8221;no&#8221; text_align=&#8221;left&#8221; background_image_as_pattern=&#8221;without_pattern&#8221; css_animation=&#8221;&#8221;][vc_column width=&#8221;1\/2&#8243;]<div class=\"q_image_with_text_over \"><div class=\"shader\" ><\/div><img itemprop=\"image\" src=\"https:\/\/studiozordan.eu\/wp-content\/uploads\/2016\/09\/cop_passivehouse.jpg\" alt=\"Passive House\" \/><div class=\"text\"><table><tr><td><h3 class=\"caption no_icon\" style=\"\">Passive House<\/h3><\/td><\/tr><\/table><table><tr><td><div class=\"desc\">Passive House: un edificio con consumi pressoch\u00e9 nulli grazie ad accorgimenti costruttivi e all\u2019utilizzo di risorse naturali, quali il sole (riscaldamento) e il vento (raffrescamento).<\/div><\/td><\/tr><\/table><\/div><\/div>[vc_empty_space][vc_column_text]<\/p>\n<p style=\"text-align: justify;\">Con il termine <i><b>Passive House<\/b><\/i> non si intende un marchio o un protocollo commerciale (come invece vogliono farci credere molte associazioni o istituti) bens\u00ec un concetto: un concetto costruttivo basato su attente scelte progettuali e su abili accorgimenti esecutivi.\u00a0La casa passiva \u00e8 un edificio dove il risparmio energetico scaturisce dello sfruttamento delle fonti naturali (il sole, il vento, ecc.) e dalle fonti interne ed intrinseche dell\u2019edificio stesso (il calore corporeo degli occupanti, il calore scaturito dalla cottura dei cibi, ecc.).\u00a0Il tutto adeguatamente calmierato per ottenere il massimo comfort abitativo.<\/p>\n<p>[\/vc_column_text][vc_empty_space]<a  itemprop=\"url\" href=\"\" target=\"_self\"  class=\"qbutton  large default\" style=\"background-color: #878787;\">Guarda la gallery<\/a>[vc_gallery interval=&#8221;0&#8243; images=&#8221;16016,16015,16014&#8243; img_size=&#8221;800&#215;600&#8243;][\/vc_column][vc_column width=&#8221;1\/2&#8243;]<div class=\"q_image_with_text_over \"><div class=\"shader\" ><\/div><img itemprop=\"image\" src=\"https:\/\/studiozordan.eu\/wp-content\/uploads\/2016\/09\/cop_casabassoconsumo.jpg\" alt=\" Low-energy house\" \/><div class=\"text\"><table><tr><td><h3 class=\"caption no_icon\" style=\"\"> Low-energy house<\/h3><\/td><\/tr><\/table><table><tr><td><div class=\"desc\">E&#8217; costruita con materie prime naturali ed ecologiche per ridurre i consumi e a vantaggio ambientale. Non solo comfort abitativo ma anche risparmio energetico.<\/div><\/td><\/tr><\/table><\/div><\/div>[vc_empty_space][vc_column_text]<\/p>\n<p style=\"text-align: justify;\">Quest&#8217;edificio \u00e8 da ritenersi \u201csemplicemente\u201d a <b>Basso Consumo<\/b> perch\u00e9 \u00e8 stato progettato, e sar\u00e0 costruito, secondo i dettami delle <i>Passive House <\/i>ma non raggiunger\u00e0 i parametri di tali abitazioni a causa delle numerose superfici finestrate. Si tratta quindi di un edificio che avr\u00e0 comunque consumi ridottissimi, grazie alla coproduzione prevista, ma che non consideriamo <i>Passive House<\/i> (altri lo farebbero) perch\u00e9 una PH \u00e8 tale perch\u00e8 \u201cconsuma\u201d poco non perch\u00e8 coproduce quanto consuma\u2026<\/p>\n<p>[\/vc_column_text][vc_empty_space]<a  itemprop=\"url\" href=\"\" target=\"_self\"  class=\"qbutton  large default\" style=\"background-color: #878787;\">Guarda la gallery<\/a>[vc_gallery interval=&#8221;0&#8243; images=&#8221;16011,16010,16009,16008&#8243; img_size=&#8221;800&#215;600&#8243;][\/vc_column][\/vc_row][vc_row row_type=&#8221;row&#8221; use_row_as_full_screen_section=&#8221;no&#8221; type=&#8221;full_width&#8221; angled_section=&#8221;no&#8221; text_align=&#8221;left&#8221; background_image_as_pattern=&#8221;without_pattern&#8221; css_animation=&#8221;&#8221;][vc_column width=&#8221;1\/2&#8243;]<div class=\"q_image_with_text_over \"><div class=\"shader\" ><\/div><img itemprop=\"image\" src=\"https:\/\/studiozordan.eu\/wp-content\/uploads\/2016\/09\/cop_RistrutturazioneA.jpg\" alt=\"Ristrutturazione\" \/><div class=\"text\"><table><tr><td><h3 class=\"caption no_icon\" style=\"\">Ristrutturazione<\/h3><\/td><\/tr><\/table><table><tr><td><div class=\"desc\">Ristrutturare \u00e8 <i>ridare vita<\/i> non distruggere. Un recupero mirato ed attento riduce i costi di realizzo e garantendo comunque ottimi risultati estetici e funzionali.<\/div><\/td><\/tr><\/table><\/div><\/div>[vc_empty_space][vc_column_text]<\/p>\n<p style=\"text-align: justify;\">Ristrutturare \u00e8 <i>ridare vita<\/i> non distruggere.<\/p>\n<p style=\"text-align: justify;\">Una attenta analisi del costruito ed una corretta valutazione statica, permettono il recupero della maggior parte degli edifici, con costi e tempi certi. La semplicit\u00e0 del \u201c<i>demolire per ricostruire<\/i>\u201d spesso acceca nella corretta valutazione di un possibile intervento.\u00a0In \u201cCasa A\u201d sono stati sostituiti tutti gli impalcati, compresa la copertura, ricorrendo a sezioni lignee pi\u00f9 grandi ma recuperando gli innesti nei muri perimetrali in pietra, senza quindi sventrare questi ultimi. Con particolari espedienti realizzativi, sui nuovi impalcati lignei \u00e8 stato possibile posare impianti di riscaldamento radiante con pavimentazioni in veneziana.\u00a0I nuovi inserti, come le scale a sbalzo, si avvalgono di contropareti interne.\u00a0L\u2019edificio originario si ripresenta quindi con una nuova veste, che ha soddisfatto le precise esigenze della committenza senza stravolgere i caratteri dominanti del costruito.<\/p>\n<p>[\/vc_column_text][vc_empty_space]<a  itemprop=\"url\" href=\"\" target=\"_self\"  class=\"qbutton  large default\" style=\"background-color: #878787;\">Guarda la gallery<\/a>[vc_gallery interval=&#8221;0&#8243; images=&#8221;16029,16030,16031,16032,16033,16034,16035,16036&#8243; img_size=&#8221;800&#215;600&#8243;][\/vc_column][vc_column width=&#8221;1\/2&#8243;]<div class=\"q_image_with_text_over \"><div class=\"shader\" ><\/div><img itemprop=\"image\" src=\"https:\/\/studiozordan.eu\/wp-content\/uploads\/2016\/09\/cop_RistrutturazioneM.jpg\" alt=\"Ristrutturazione\" \/><div class=\"text\"><table><tr><td><h3 class=\"caption no_icon\" style=\"\">Ristrutturazione<\/h3><\/td><\/tr><\/table><table><tr><td><div class=\"desc\">Ristrutturare \u00e8 <i>ridare vita<\/i> non distruggere. Una attenta analisi del costruito ed una corretta valutazione statica, permettono il recupero della maggior parte degli edifici, con costi e tempi certi.<\/div><\/td><\/tr><\/table><\/div><\/div>[vc_empty_space][vc_column_text]<\/p>\n<p style=\"text-align: justify;\">Ristrutturare \u00e8 <i>ridare vita<\/i> non distruggere. Una attenta analisi del costruito ed una corretta valutazione statica, permettono il recupero della maggior parte degli edifici, con costi e tempi certi. La semplicit\u00e0 del \u201c<i>demolire per ricostruire<\/i>\u201d spesso acceca nella corretta valutazione di un possibile intervento.<\/p>\n<p>[\/vc_column_text][vc_empty_space]<a  itemprop=\"url\" href=\"\" target=\"_self\"  class=\"qbutton  large default\" style=\"background-color: #878787;\">Guarda la gallery<\/a>[vc_gallery interval=&#8221;0&#8243; images=&#8221;16039,16038,16037&#8243; img_size=&#8221;800&#215;600&#8243;][\/vc_column][\/vc_row][vc_row row_type=&#8221;row&#8221; use_row_as_full_screen_section=&#8221;no&#8221; type=&#8221;full_width&#8221; angled_section=&#8221;no&#8221; text_align=&#8221;left&#8221; background_image_as_pattern=&#8221;without_pattern&#8221; css_animation=&#8221;&#8221;][vc_column width=&#8221;1\/2&#8243;]<div class=\"q_image_with_text_over \"><div class=\"shader\" ><\/div><img itemprop=\"image\" src=\"https:\/\/studiozordan.eu\/wp-content\/uploads\/2016\/06\/cop_altreopere.jpg\" alt=\"Altre opere\" \/><div class=\"text\"><table><tr><td><h3 class=\"caption no_icon\" style=\"\">Altre opere<\/h3><\/td><\/tr><\/table><table><tr><td><div class=\"desc\">Vari interventi<\/div><\/td><\/tr><\/table><\/div><\/div>[vc_empty_space]<a  itemprop=\"url\" href=\"\" target=\"_self\"  class=\"qbutton  large default\" style=\"background-color: #878787;\">Guarda la gallery<\/a>[vc_gallery interval=&#8221;0&#8243; images=&#8221;16046,16047,16048,16049,16050&#8243; img_size=&#8221;800&#215;600&#8243;][\/vc_column][vc_column width=&#8221;1\/2&#8243;]<div class=\"q_image_with_text_over \"><div class=\"shader\" ><\/div><img itemprop=\"image\" src=\"https:\/\/studiozordan.eu\/wp-content\/uploads\/2016\/06\/cop_altriprogetti.jpg\" alt=\"Altri progetti\" \/><div class=\"text\"><table><tr><td><h3 class=\"caption no_icon\" style=\"\">Altri progetti<\/h3><\/td><\/tr><\/table><table><tr><td><div class=\"desc\">Tipologie differenti di progettazione<\/div><\/td><\/tr><\/table><\/div><\/div>[vc_empty_space]<a  itemprop=\"url\" href=\"\" target=\"_self\"  class=\"qbutton  large default\" style=\"background-color: #878787;\">Guarda la gallery<\/a>[vc_gallery interval=&#8221;0&#8243; images=&#8221;16056,16055,16057,16058,16059,16051&#8243; img_size=&#8221;800&#215;600&#8243;][\/vc_column][\/vc_row]<\/p>","protected":false},"excerpt":{"rendered":"<p>[vc_row row_type=&#8221;row&#8221; use_row_as_full_screen_section=&#8221;no&#8221; type=&#8221;full_width&#8221; angled_section=&#8221;no&#8221; text_align=&#8221;left&#8221; background_image_as_pattern=&#8221;without_pattern&#8221; css_animation=&#8221;&#8221;][vc_column width=&#8221;1\/2&#8243;][vc_empty_space][vc_column_text] Con il termine Passive House non si intende un marchio o un protocollo commerciale (come invece vogliono farci credere molte associazioni o istituti) bens\u00ec un concetto: un concetto costruttivo basato su attente scelte progettuali e su&#8230;<\/p>\n","protected":false},"author":1,"featured_media":0,"parent":0,"menu_order":0,"comment_status":"closed","ping_status":"closed","template":"","meta":[],"_links":{"self":[{"href":"https:\/\/studiozordan.eu\/en\/wp-json\/wp\/v2\/pages\/15522"}],"collection":[{"href":"https:\/\/studiozordan.eu\/en\/wp-json\/wp\/v2\/pages"}],"about":[{"href":"https:\/\/studiozordan.eu\/en\/wp-json\/wp\/v2\/types\/page"}],"author":[{"embeddable":true,"href":"https:\/\/studiozordan.eu\/en\/wp-json\/wp\/v2\/users\/1"}],"replies":[{"embeddable":true,"href":"https:\/\/studiozordan.eu\/en\/wp-json\/wp\/v2\/comments?post=15522"}],"version-history":[{"count":48,"href":"https:\/\/studiozordan.eu\/en\/wp-json\/wp\/v2\/pages\/15522\/revisions"}],"predecessor-version":[{"id":16081,"href":"https:\/\/studiozordan.eu\/en\/wp-json\/wp\/v2\/pages\/15522\/revisions\/16081"}],"wp:attachment":[{"href":"https:\/\/studiozordan.eu\/en\/wp-json\/wp\/v2\/media?parent=15522"}],"curies":[{"name":"wp","href":"https:\/\/api.w.org\/{rel}","templated":true}]}}